{"id":43,"date":"2023-11-30T20:00:09","date_gmt":"2023-11-30T19:00:09","guid":{"rendered":"https:\/\/holovsky.eu\/?page_id=43"},"modified":"2025-03-15T18:04:17","modified_gmt":"2025-03-15T17:04:17","slug":"projekty","status":"publish","type":"page","link":"https:\/\/holovsky.eu\/?page_id=43","title":{"rendered":"Projekty"},"content":{"rendered":"\n<p><strong>Projekt modernizace stroj\u016f &#8211; 2.etapa<\/strong><\/p>\n\n\n\n<p>Svoji rodinnou farmu v Trn\u011bn\u00e9m \u00dajezdu provozuji s d\u016frazem na \u0161etrn\u00e9 zach\u00e1zen\u00ed s p\u0159\u00edrodou vyu\u017e\u00edv\u00e1n\u00edm modern\u00edch technologi\u00ed a technik. P\u0159ed dv\u011bma roky jsem s podporou MAS Karl\u0161tejnsko z\u00edskal dotaci na n\u00e1kup nov\u00fdch stroj\u016f \u2013 shrnova\u010d\u016f sena. V modernizaci stroj\u016f pro zem\u011bd\u011blskou v\u00fdrobu pokra\u010duji d\u00e1l a dobr\u00e1 zku\u0161enost mne p\u0159ivedla ke spolupr\u00e1ci s MAS Karl\u0161tejnsko i letos.<\/p>\n\n\n\n<p>Farmu sm\u011b\u0159uji k regenerativn\u00edmu zp\u016fsobu hospoda\u0159en\u00ed. Nepou\u017e\u00edv\u00e1m chemick\u00e1 hnojiva ani post\u0159iky k ochran\u011b p\u011bstovan\u00fdch plodin. Dal\u0161\u00edm krokem k regenerativn\u00edmu hospoda\u0159en\u00ed je bezorebn\u00e9 zpracov\u00e1n\u00ed p\u016fdy, kter\u00e9 povede k pol\u00edm bez plevele a s kvalitn\u00ed p\u016fdou plnou \u017eivota a \u017eivin. K jeho uskute\u010dn\u011bn\u00ed jsem pot\u0159eboval nakoupit radli\u010dkov\u00e9 kyp\u0159i\u010de p\u016fdy. V r\u00e1mci realizace Strategie komunitn\u011b veden\u00e9ho m\u00edstn\u00edho rozvoje \u201eVia Carolina\u201c MAS Karl\u0161tejnsko, z.\u00fa. jsem v roce 2022 po\u017e\u00e1dal o dotaci z v\u00fdzvy \u010d. 5 MAS Karl\u0161tejnsko z Programov\u00e9ho r\u00e1mce PRV pro podporu zem\u011bd\u011blc\u016f, kter\u00fd je z alokace MAS a spolufinancovan\u00fd Evropskou uni\u00ed. Moje \u017e\u00e1dost o dotaci byla schv\u00e1len\u00e1 a j\u00e1 jsem si mohl s finan\u010dn\u00ed podporou od MAS Karl\u0161tejnsko po\u0159\u00eddit dva nov\u00e9 radli\u010dkov\u00e9 kyp\u0159i\u010de p\u016fdy. Jeden slou\u017e\u00ed k huben\u00ed plevele a p\u0159edse\u0165ov\u00e9 p\u0159\u00edprav\u011b p\u016fdy a druh\u00fd k m\u011blk\u00e9mu kyp\u0159en\u00ed p\u016fdy a efektivn\u00edmu zapraven\u00ed meziplodin.<\/p>\n\n\n\n<figure class=\"wp-block-image size-large\"><img loading=\"lazy\" decoding=\"async\" width=\"1024\" height=\"768\" src=\"http:\/\/holovsky.eu\/wp-content\/uploads\/2025\/03\/Terrano-4.4.GX_fofo-1024x768.jpg\" alt=\"\" class=\"wp-image-117\" srcset=\"https:\/\/holovsky.eu\/wp-content\/uploads\/2025\/03\/Terrano-4.4.GX_fofo-1024x768.jpg 1024w, https:\/\/holovsky.eu\/wp-content\/uploads\/2025\/03\/Terrano-4.4.GX_fofo-300x225.jpg 300w, https:\/\/holovsky.eu\/wp-content\/uploads\/2025\/03\/Terrano-4.4.GX_fofo-768x576.jpg 768w, https:\/\/holovsky.eu\/wp-content\/uploads\/2025\/03\/Terrano-4.4.GX_fofo-1536x1152.jpg 1536w, https:\/\/holovsky.eu\/wp-content\/uploads\/2025\/03\/Terrano-4.4.GX_fofo.jpg 2048w\" sizes=\"auto, (max-width: 767px) 89vw, (max-width: 1000px) 54vw, (max-width: 1071px) 543px, 580px\" \/><\/figure>\n\n\n\n<p>Po\u0159\u00edzen\u00ed t\u011bchto nov\u00fdch stroj\u016f m\u00e1 \u0159adu pozitivn\u00edch dopad\u016f na hospoda\u0159en\u00ed a \u017eivotn\u00ed prost\u0159ed\u00ed. U\u0161et\u0159\u00edm naftu, pr\u00e1ci, zv\u00fd\u0161\u00edm v\u00fdnosy p\u011bstovan\u00fdch obilovin, p\u0159isp\u011bji ke sn\u00ed\u017een\u00ed eroze p\u016fdy a tak\u00e9 ke sn\u00ed\u017een\u00ed emis\u00ed oxidu uhli\u010dit\u00e9ho \u010di metanu.<\/p>\n\n\n\n<figure class=\"wp-block-image size-large\"><img loading=\"lazy\" decoding=\"async\" width=\"768\" height=\"1024\" src=\"http:\/\/holovsky.eu\/wp-content\/uploads\/2025\/03\/Allrounder-600_foto-768x1024.jpg\" alt=\"\" class=\"wp-image-116\" srcset=\"https:\/\/holovsky.eu\/wp-content\/uploads\/2025\/03\/Allrounder-600_foto-768x1024.jpg 768w, https:\/\/holovsky.eu\/wp-content\/uploads\/2025\/03\/Allrounder-600_foto-225x300.jpg 225w, https:\/\/holovsky.eu\/wp-content\/uploads\/2025\/03\/Allrounder-600_foto-1152x1536.jpg 1152w, https:\/\/holovsky.eu\/wp-content\/uploads\/2025\/03\/Allrounder-600_foto.jpg 1200w\" sizes=\"auto, (max-width: 767px) 89vw, (max-width: 1000px) 54vw, (max-width: 1071px) 543px, 580px\" \/><\/figure>\n\n\n\n<p>R\u00e1d bych pod\u011bkoval MAS Karl\u0161tejnsko za z\u00edsk\u00e1n\u00ed dotace na po\u0159\u00edzen\u00ed kyp\u0159i\u010d\u016f a rovn\u011b\u017e jeho pracovn\u00edk\u016fm za pomoc p\u0159i zpracov\u00e1n\u00ed \u017e\u00e1dosti o dotaci. V p\u0159\u00ed\u0161t\u00edch letech chci pokra\u010dovat v rozv\u00edjen\u00ed regenerativn\u00edho hospoda\u0159en\u00ed a r\u00e1d bych po\u0159\u00eddil bezorebn\u00fd sec\u00ed stroj pro precizn\u00ed set\u00ed. Pokud to bude mo\u017en\u00e9, r\u00e1d op\u011bt vyu\u017eiji spolupr\u00e1ci s MAS Karl\u0161tejnsko.<\/p>\n\n\n\n<p>D\u00edky \u010dinnosti MAS Karl\u0161tejnsko, jeho M\u00edstn\u00edm partnerstv\u00edm, spolupr\u00e1ci, odborn\u00e9mu veden\u00ed a pomoci jeho pracovn\u00edk\u016f bylo mo\u017en\u00e9 realizovat projekt \u201eModernizace stroj\u016f pro zem\u011bd\u011blskou v\u00fdrobu \u2013 2. etapa\u201c a podpo\u0159it jej dotac\u00ed z finan\u010dn\u00ed alokace MAS.<\/p>\n\n\n\n<p><strong>Projekt modernizace stroj\u016f pro zem\u011bd\u011blskou v\u00fdrobu.<\/strong><br>Zv\u00ed\u0159at chovan\u00fdch na na\u0161\u00ed farm\u011b p\u0159ib\u00fdv\u00e1, z\u00e1konit\u011b rostou i n\u00e1roky na mno\u017estv\u00ed vyprodukovan\u00e9ho krmiva. Pro zachov\u00e1n\u00ed nastaven\u00e9 BIO kvality krmiva proto nezb\u00fdv\u00e1, ne\u017e se rozlou\u010dit se star\u0161\u00edmi kusy zem\u011bd\u011blsk\u00e9 techniky a po\u0159izovat novou. Nastal \u010das vym\u011bnit i sta\u0159i\u010dk\u00fd shrnova\u010d sena a sl\u00e1my, kter\u00fd jsem \u201epod\u011bdil\u201c a kter\u00fd u\u017e nespl\u0148uje n\u00e1roky dne\u0161n\u00ed dynamick\u00e9 doby. Stejn\u011b, jako ke zv\u00ed\u0159at\u016fm, se chci i k p\u016fd\u011b chovat \u0161etrn\u011b a s \u00factou. Pot\u0159ebuji stroje lehk\u00e9, s co nej\u0161ir\u0161\u00edm z\u00e1b\u011brem, abych p\u016fdu zbyte\u010dn\u011b nedusal t\u011b\u017ek\u00fdmi stroji a mnohon\u00e1sobn\u00fdm poj\u00ed\u017ed\u011bn\u00edm stroj\u016f, abychom stejn\u00fd objem pr\u00e1ce stihli s men\u0161\u00edm vyp\u011bt\u00edm sil i prost\u0159edk\u016f\u2026<\/p>\n\n\n\n<p>Zp\u016fsob po\u0159\u00edzen\u00ed nov\u00e9ho nahrnova\u010de jsem konzultoval s pracovn\u00edky MAS Karl\u0161tejnsko a proto\u017ee byla \u0161ance z\u00edskat prost\u0159ednictv\u00edm t\u00e9to organizace finan\u010dn\u00ed dotaci, rozhodl jsem se nov\u00fd stroj koupit. P\u0159ipravil jsem si projekt Modernizace stroj\u016f pro zem\u011bd\u011blskou v\u00fdrobu a v r\u00e1mci realizace Strategie komunitn\u011b veden\u00e9ho m\u00edstn\u00edho rozvoje \u201eVia Carolina\u201c MAS Karl\u0161tejnsko, z.\u00fa. jsem v lo\u0148sk\u00e9m roce po\u017e\u00e1dal o dotaci z v\u00fdzvy \u010d. 4 MAS Karl\u0161tejnsko z Programu rozvoje venkova pro podporu zem\u011bd\u011blc\u016f, kter\u00fd je z alokace MAS a je spolufinancovan\u00fd Evropskou uni\u00ed. Moje \u017e\u00e1dost o dotaci byla schv\u00e1len\u00e1 a j\u00e1 jsem si mohl s finan\u010dn\u00ed podporou od MAS Karl\u0161tejnsko po\u0159\u00eddit ne jeden, ale dva nov\u00e9 shrnova\u010de sena a sl\u00e1my zna\u010dky Krone. Jeden shrnova\u010d je bo\u010dn\u00ed a druh\u00fd je st\u0159edov\u00fd. To jsou oni:<\/p>\n\n\n\n<figure class=\"wp-block-gallery has-nested-images columns-default is-cropped wp-block-gallery-1 is-layout-flex wp-block-gallery-is-layout-flex\">\n<figure class=\"wp-block-image size-large\"><img loading=\"lazy\" decoding=\"async\" width=\"193\" height=\"144\" data-id=\"70\" src=\"https:\/\/holovsky.eu\/wp-content\/uploads\/2023\/11\/Shrnovac-bocni.jpg\" alt=\"\" class=\"wp-image-70\"\/><\/figure>\n\n\n\n<figure class=\"wp-block-image size-large\"><img loading=\"lazy\" decoding=\"async\" width=\"1024\" height=\"768\" data-id=\"71\" src=\"https:\/\/holovsky.eu\/wp-content\/uploads\/2023\/11\/Swadro-TC-880_foto-1024x768.jpg\" alt=\"\" class=\"wp-image-71\" srcset=\"https:\/\/holovsky.eu\/wp-content\/uploads\/2023\/11\/Swadro-TC-880_foto-1024x768.jpg 1024w, https:\/\/holovsky.eu\/wp-content\/uploads\/2023\/11\/Swadro-TC-880_foto-300x225.jpg 300w, https:\/\/holovsky.eu\/wp-content\/uploads\/2023\/11\/Swadro-TC-880_foto-768x576.jpg 768w, https:\/\/holovsky.eu\/wp-content\/uploads\/2023\/11\/Swadro-TC-880_foto-1536x1152.jpg 1536w, https:\/\/holovsky.eu\/wp-content\/uploads\/2023\/11\/Swadro-TC-880_foto.jpg 1600w\" sizes=\"auto, (max-width: 767px) 89vw, (max-width: 1000px) 54vw, (max-width: 1071px) 543px, 580px\" \/><\/figure>\n<\/figure>\n\n\n\n<p>Po\u0159\u00edzen\u00ed nov\u00fdch stroj\u016f pro mne tak\u00e9 znamen\u00e1 v\u011bt\u0161\u00ed sob\u011bsta\u010dnost v rostlinn\u00e9 v\u00fdrob\u011b, sn\u00ed\u017een\u00ed poruchovosti stroj\u016f, sn\u00ed\u017een\u00ed n\u00e1klad\u016f na opravy, omezen\u00ed z\u00e1vislosti farmy na dodavatelsk\u00fdch prac\u00edch a tak\u00e9 p\u0159isp\u011bje ke zv\u00fd\u0161en\u00ed produktivity pr\u00e1ce zam\u011bstnanc\u016f farmy.<\/p>\n\n\n\n<p>R\u00e1d bych pod\u011bkoval MAS Karl\u0161tejnsko za z\u00edsk\u00e1n\u00ed dotace na po\u0159\u00edzen\u00ed shrnova\u010d\u016f a rovn\u011b\u017e jeho pracovn\u00edk\u016fm za pomoc p\u0159i zpracov\u00e1n\u00ed \u017e\u00e1dosti o dotaci.<\/p>\n\n\n\n<p>D\u00edky \u010dinnosti MAS Karl\u0161tejnsko, jeho M\u00edstn\u00edm partnerstv\u00edm, spolupr\u00e1ci, odborn\u00e9mu veden\u00ed a pomoci jeho pracovn\u00edk\u016f bylo mo\u017en\u00e9 projekt \u201eModernizace stroj\u016f pro zem\u011bd\u011blskou v\u00fdrobu\u201c realizovat a podpo\u0159it jej dotac\u00ed ve v\u00fd\u0161i 582 420 K\u010d z finan\u010dn\u00ed alokace MAS.<\/p>\n\n\n\n<figure class=\"wp-block-gallery has-nested-images columns-3 wp-block-gallery-2 is-layout-flex wp-block-gallery-is-layout-flex\">\n<figure class=\"wp-block-image size-full is-style-default\"><img loading=\"lazy\" decoding=\"async\" width=\"714\" height=\"188\" data-id=\"74\" src=\"https:\/\/holovsky.eu\/wp-content\/uploads\/2023\/11\/Logo-EU.jpg\" alt=\"\" class=\"wp-image-74\" srcset=\"https:\/\/holovsky.eu\/wp-content\/uploads\/2023\/11\/Logo-EU.jpg 714w, https:\/\/holovsky.eu\/wp-content\/uploads\/2023\/11\/Logo-EU-300x79.jpg 300w\" sizes=\"auto, (max-width: 714px) 100vw, 714px\" \/><\/figure>\n\n\n\n<figure class=\"wp-block-image size-full\"><img loading=\"lazy\" decoding=\"async\" width=\"335\" height=\"137\" data-id=\"73\" src=\"https:\/\/holovsky.eu\/wp-content\/uploads\/2023\/11\/Logo-Program-rozvoje-venkova.jpg\" alt=\"\" class=\"wp-image-73\" srcset=\"https:\/\/holovsky.eu\/wp-content\/uploads\/2023\/11\/Logo-Program-rozvoje-venkova.jpg 335w, https:\/\/holovsky.eu\/wp-content\/uploads\/2023\/11\/Logo-Program-rozvoje-venkova-300x123.jpg 300w\" sizes=\"auto, (max-width: 335px) 100vw, 335px\" \/><\/figure>\n\n\n\n<figure class=\"wp-block-image size-full\"><img loading=\"lazy\" decoding=\"async\" width=\"897\" height=\"230\" data-id=\"75\" src=\"https:\/\/holovsky.eu\/wp-content\/uploads\/2023\/11\/MAS-logo.jpg\" alt=\"\" class=\"wp-image-75\" srcset=\"https:\/\/holovsky.eu\/wp-content\/uploads\/2023\/11\/MAS-logo.jpg 897w, https:\/\/holovsky.eu\/wp-content\/uploads\/2023\/11\/MAS-logo-300x77.jpg 300w, https:\/\/holovsky.eu\/wp-content\/uploads\/2023\/11\/MAS-logo-768x197.jpg 768w\" sizes=\"auto, (max-width: 767px) 89vw, (max-width: 1000px) 54vw, (max-width: 1071px) 543px, 580px\" \/><\/figure>\n<\/figure>\n\n\n\n<p><a href=\"http:\/\/holovsky.eu\/wp-content\/uploads\/2023\/11\/PublicitaMAS_Holovsky-taule.pdf\" data-type=\"link\" data-id=\"http:\/\/holovsky.eu\/wp-content\/uploads\/2023\/11\/PublicitaMAS_Holovsky-taule.pdf\">Informa\u010dn\u00ed tabule &#8211; 1.etapa<\/a><\/p>\n\n\n\n<p><a href=\"http:\/\/holovsky.eu\/wp-content\/uploads\/2025\/03\/PublicitaMAS-info_deska-2022.pdf\">Informa\u010dn\u00ed tabule &#8211; 2.etapa<\/a><\/p>\n","protected":false},"excerpt":{"rendered":"<p>Projekt modernizace stroj\u016f &#8211; 2.etapa Svoji rodinnou farmu v Trn\u011bn\u00e9m \u00dajezdu provozuji s d\u016frazem na \u0161etrn\u00e9 zach\u00e1zen\u00ed s p\u0159\u00edrodou vyu\u017e\u00edv\u00e1n\u00edm modern\u00edch technologi\u00ed a technik. P\u0159ed dv\u011bma roky jsem s podporou MAS Karl\u0161tejnsko z\u00edskal dotaci na n\u00e1kup nov\u00fdch stroj\u016f \u2013 shrnova\u010d\u016f sena. V modernizaci stroj\u016f pro zem\u011bd\u011blskou v\u00fdrobu pokra\u010duji d\u00e1l a dobr\u00e1 zku\u0161enost mne p\u0159ivedla ke &hellip; <\/p>\n<p class=\"link-more\"><a href=\"https:\/\/holovsky.eu\/?page_id=43\" class=\"more-link\">Pokra\u010dovat ve \u010dten\u00ed<span class=\"screen-reader-text\"> &#8222;Projekty&#8220;<\/span><\/a><\/p>\n","protected":false},"author":1,"featured_media":0,"parent":0,"menu_order":0,"comment_status":"closed","ping_status":"closed","template":"","meta":{"footnotes":""},"class_list":["post-43","page","type-page","status-publish","hentry"],"_links":{"self":[{"href":"https:\/\/holovsky.eu\/index.php?rest_route=\/wp\/v2\/pages\/43","targetHints":{"allow":["GET"]}}],"collection":[{"href":"https:\/\/holovsky.eu\/index.php?rest_route=\/wp\/v2\/pages"}],"about":[{"href":"https:\/\/holovsky.eu\/index.php?rest_route=\/wp\/v2\/types\/page"}],"author":[{"embeddable":true,"href":"https:\/\/holovsky.eu\/index.php?rest_route=\/wp\/v2\/users\/1"}],"replies":[{"embeddable":true,"href":"https:\/\/holovsky.eu\/index.php?rest_route=%2Fwp%2Fv2%2Fcomments&post=43"}],"version-history":[{"count":10,"href":"https:\/\/holovsky.eu\/index.php?rest_route=\/wp\/v2\/pages\/43\/revisions"}],"predecessor-version":[{"id":121,"href":"https:\/\/holovsky.eu\/index.php?rest_route=\/wp\/v2\/pages\/43\/revisions\/121"}],"wp:attachment":[{"href":"https:\/\/holovsky.eu\/index.php?rest_route=%2Fwp%2Fv2%2Fmedia&parent=43"}],"curies":[{"name":"wp","href":"https:\/\/api.w.org\/{rel}","templated":true}]}}