{"id":22,"date":"2023-11-30T19:50:44","date_gmt":"2023-11-30T18:50:44","guid":{"rendered":"https:\/\/holovsky.eu\/?page_id=22"},"modified":"2023-11-30T20:26:45","modified_gmt":"2023-11-30T19:26:45","slug":"sekce-domovske-stranky","status":"publish","type":"page","link":"https:\/\/holovsky.eu\/?page_id=22","title":{"rendered":"Chov zv\u00ed\u0159at"},"content":{"rendered":"\n<p>Chov skotu, ovc\u00ed, prasat a dr\u016fbe\u017ee<br>V\u0161echna zv\u00ed\u0159ata jsou v\u011bt\u0161inu dn\u00ed v roce na na\u0161ich rozlehl\u00fdch pastvin\u00e1ch. V\u00fdjimku tvo\u0159\u00ed ku\u0159ata, kter\u00e1 jsou zpo\u010d\u00e1tku chov\u00e1na ve vyh\u0159\u00edvan\u00e9 odchovn\u011b a n\u00e1sledn\u011b dle po\u010das\u00ed a jejich v\u011bku p\u0159esunuta do voln\u00e9ho v\u00fdb\u011bhu na pastvin\u00e1ch.<\/p>\n\n\n\n<p>V\u011bt\u0161ina krmiv pro zv\u00ed\u0159ata je vyprodukov\u00e1na na na\u0161\u00ed farm\u011b. M\u00e1me dostatek sena, sen\u00e1\u017ee, sl\u00e1my a j\u00e1dra. Hlavn\u00ed krmnou d\u00e1vku tvo\u0159\u00ed pro zv\u00ed\u0159ata p\u0159irozen\u00e1 pastva. Zv\u00ed\u0159ata maj\u00ed po cel\u00fd rok p\u0159\u00edstup k vod\u011b, sen\u00e1\u017ei a jadrn\u00e9mu krmivu. Dr\u016fbe\u017e p\u0159ikrmujeme krmivy schv\u00e1len\u00fdmi pro odchov v ekologick\u00e9m re\u017eimu.<\/p>\n\n\n\n<div class=\"wp-block-group\"><div class=\"wp-block-group__inner-container is-layout-constrained wp-block-group-is-layout-constrained\">\n<figure class=\"wp-block-gallery has-nested-images columns-default is-cropped wp-block-gallery-1 is-layout-flex wp-block-gallery-is-layout-flex\">\n<figure class=\"wp-block-image size-large\"><img loading=\"lazy\" decoding=\"async\" width=\"448\" height=\"336\" data-id=\"57\" src=\"https:\/\/holovsky.eu\/wp-content\/uploads\/2023\/11\/f_6chov_kravy_sm.jpg\" alt=\"\" class=\"wp-image-57\" srcset=\"https:\/\/holovsky.eu\/wp-content\/uploads\/2023\/11\/f_6chov_kravy_sm.jpg 448w, https:\/\/holovsky.eu\/wp-content\/uploads\/2023\/11\/f_6chov_kravy_sm-300x225.jpg 300w\" sizes=\"auto, (max-width: 448px) 100vw, 448px\" \/><\/figure>\n\n\n\n<figure class=\"wp-block-image size-large\"><img loading=\"lazy\" decoding=\"async\" width=\"448\" height=\"336\" data-id=\"58\" src=\"https:\/\/holovsky.eu\/wp-content\/uploads\/2023\/11\/f_7chov_ovce_sm.jpg\" alt=\"\" class=\"wp-image-58\" srcset=\"https:\/\/holovsky.eu\/wp-content\/uploads\/2023\/11\/f_7chov_ovce_sm.jpg 448w, https:\/\/holovsky.eu\/wp-content\/uploads\/2023\/11\/f_7chov_ovce_sm-300x225.jpg 300w\" sizes=\"auto, (max-width: 448px) 100vw, 448px\" \/><\/figure>\n\n\n\n<figure class=\"wp-block-image size-large\"><img loading=\"lazy\" decoding=\"async\" width=\"800\" height=\"533\" data-id=\"64\" src=\"https:\/\/holovsky.eu\/wp-content\/uploads\/2023\/11\/f_11Cunik-1-3.jpg\" alt=\"\" class=\"wp-image-64\" srcset=\"https:\/\/holovsky.eu\/wp-content\/uploads\/2023\/11\/f_11Cunik-1-3.jpg 800w, https:\/\/holovsky.eu\/wp-content\/uploads\/2023\/11\/f_11Cunik-1-3-300x200.jpg 300w, https:\/\/holovsky.eu\/wp-content\/uploads\/2023\/11\/f_11Cunik-1-3-768x512.jpg 768w\" sizes=\"auto, (max-width: 767px) 89vw, (max-width: 1000px) 54vw, (max-width: 1071px) 543px, 580px\" \/><\/figure>\n\n\n\n<figure class=\"wp-block-image size-large is-style-default\"><img loading=\"lazy\" decoding=\"async\" width=\"800\" height=\"532\" data-id=\"59\" src=\"https:\/\/holovsky.eu\/wp-content\/uploads\/2023\/11\/f_10Cunik-4.jpg\" alt=\"\" class=\"wp-image-59\" srcset=\"https:\/\/holovsky.eu\/wp-content\/uploads\/2023\/11\/f_10Cunik-4.jpg 800w, https:\/\/holovsky.eu\/wp-content\/uploads\/2023\/11\/f_10Cunik-4-300x200.jpg 300w, https:\/\/holovsky.eu\/wp-content\/uploads\/2023\/11\/f_10Cunik-4-768x511.jpg 768w\" sizes=\"auto, (max-width: 767px) 89vw, (max-width: 1000px) 54vw, (max-width: 1071px) 543px, 580px\" \/><\/figure>\n\n\n\n<figure class=\"wp-block-image size-large\"><img loading=\"lazy\" decoding=\"async\" width=\"448\" height=\"336\" data-id=\"65\" src=\"https:\/\/holovsky.eu\/wp-content\/uploads\/2023\/11\/f_8chov_kurata_sm.jpg\" alt=\"\" class=\"wp-image-65\" srcset=\"https:\/\/holovsky.eu\/wp-content\/uploads\/2023\/11\/f_8chov_kurata_sm.jpg 448w, https:\/\/holovsky.eu\/wp-content\/uploads\/2023\/11\/f_8chov_kurata_sm-300x225.jpg 300w\" sizes=\"auto, (max-width: 448px) 100vw, 448px\" \/><\/figure>\n\n\n\n<figure class=\"wp-block-image size-large\"><img loading=\"lazy\" decoding=\"async\" width=\"448\" height=\"336\" data-id=\"66\" src=\"https:\/\/holovsky.eu\/wp-content\/uploads\/2023\/11\/f_9chov_husy_sm.jpg\" alt=\"\" class=\"wp-image-66\" srcset=\"https:\/\/holovsky.eu\/wp-content\/uploads\/2023\/11\/f_9chov_husy_sm.jpg 448w, https:\/\/holovsky.eu\/wp-content\/uploads\/2023\/11\/f_9chov_husy_sm-300x225.jpg 300w\" sizes=\"auto, (max-width: 448px) 100vw, 448px\" \/><\/figure>\n<\/figure>\n<\/div><\/div>\n","protected":false},"excerpt":{"rendered":"<p>Chov skotu, ovc\u00ed, prasat a dr\u016fbe\u017eeV\u0161echna zv\u00ed\u0159ata jsou v\u011bt\u0161inu dn\u00ed v roce na na\u0161ich rozlehl\u00fdch pastvin\u00e1ch. V\u00fdjimku tvo\u0159\u00ed ku\u0159ata, kter\u00e1 jsou zpo\u010d\u00e1tku chov\u00e1na ve vyh\u0159\u00edvan\u00e9 odchovn\u011b a n\u00e1sledn\u011b dle po\u010das\u00ed a jejich v\u011bku p\u0159esunuta do voln\u00e9ho v\u00fdb\u011bhu na pastvin\u00e1ch. V\u011bt\u0161ina krmiv pro zv\u00ed\u0159ata je vyprodukov\u00e1na na na\u0161\u00ed farm\u011b. M\u00e1me dostatek sena, sen\u00e1\u017ee, sl\u00e1my a j\u00e1dra. &hellip; <\/p>\n<p class=\"link-more\"><a href=\"https:\/\/holovsky.eu\/?page_id=22\" class=\"more-link\">Pokra\u010dovat ve \u010dten\u00ed<span class=\"screen-reader-text\"> &#8222;Chov zv\u00ed\u0159at&#8220;<\/span><\/a><\/p>\n","protected":false},"author":1,"featured_media":0,"parent":0,"menu_order":0,"comment_status":"closed","ping_status":"closed","template":"","meta":{"footnotes":""},"class_list":["post-22","page","type-page","status-publish","hentry"],"_links":{"self":[{"href":"https:\/\/holovsky.eu\/index.php?rest_route=\/wp\/v2\/pages\/22","targetHints":{"allow":["GET"]}}],"collection":[{"href":"https:\/\/holovsky.eu\/index.php?rest_route=\/wp\/v2\/pages"}],"about":[{"href":"https:\/\/holovsky.eu\/index.php?rest_route=\/wp\/v2\/types\/page"}],"author":[{"embeddable":true,"href":"https:\/\/holovsky.eu\/index.php?rest_route=\/wp\/v2\/users\/1"}],"replies":[{"embeddable":true,"href":"https:\/\/holovsky.eu\/index.php?rest_route=%2Fwp%2Fv2%2Fcomments&post=22"}],"version-history":[{"count":6,"href":"https:\/\/holovsky.eu\/index.php?rest_route=\/wp\/v2\/pages\/22\/revisions"}],"predecessor-version":[{"id":68,"href":"https:\/\/holovsky.eu\/index.php?rest_route=\/wp\/v2\/pages\/22\/revisions\/68"}],"wp:attachment":[{"href":"https:\/\/holovsky.eu\/index.php?rest_route=%2Fwp%2Fv2%2Fmedia&parent=22"}],"curies":[{"name":"wp","href":"https:\/\/api.w.org\/{rel}","templated":true}]}}