{"id":20,"date":"2023-11-30T19:50:43","date_gmt":"2023-11-30T18:50:43","guid":{"rendered":"https:\/\/holovsky.eu\/?page_id=20"},"modified":"2023-11-30T20:54:08","modified_gmt":"2023-11-30T19:54:08","slug":"kontakt","status":"publish","type":"page","link":"https:\/\/holovsky.eu\/?page_id=20","title":{"rendered":"Kontakt"},"content":{"rendered":"\n<p>Majitel<br>Radim Holovsk\u00fd, ml.<\/p>\n\n\n\n<p>I\u010cO 86594427<\/p>\n\n\n\n<p>mob. 605 218 433<\/p>\n\n\n\n<p>Objedn\u00e1vky masa a ostatn\u00edch produkt\u016f<br>mob. 602 951 288 &#8211; Anna Holovsk\u00e1<\/p>\n\n\n\n<p>e-mail: farma@holovsky.eu<\/p>\n","protected":false},"excerpt":{"rendered":"<p>MajitelRadim Holovsk\u00fd, ml. I\u010cO 86594427 mob. 605 218 433 Objedn\u00e1vky masa a ostatn\u00edch produkt\u016fmob. 602 951 288 &#8211; Anna Holovsk\u00e1 e-mail: farma@holovsky.eu<\/p>\n","protected":false},"author":1,"featured_media":0,"parent":0,"menu_order":0,"comment_status":"closed","ping_status":"closed","template":"","meta":{"footnotes":""},"class_list":["post-20","page","type-page","status-publish","hentry"],"_links":{"self":[{"href":"https:\/\/holovsky.eu\/index.php?rest_route=\/wp\/v2\/pages\/20","targetHints":{"allow":["GET"]}}],"collection":[{"href":"https:\/\/holovsky.eu\/index.php?rest_route=\/wp\/v2\/pages"}],"about":[{"href":"https:\/\/holovsky.eu\/index.php?rest_route=\/wp\/v2\/types\/page"}],"author":[{"embeddable":true,"href":"https:\/\/holovsky.eu\/index.php?rest_route=\/wp\/v2\/users\/1"}],"replies":[{"embeddable":true,"href":"https:\/\/holovsky.eu\/index.php?rest_route=%2Fwp%2Fv2%2Fcomments&post=20"}],"version-history":[{"count":3,"href":"https:\/\/holovsky.eu\/index.php?rest_route=\/wp\/v2\/pages\/20\/revisions"}],"predecessor-version":[{"id":86,"href":"https:\/\/holovsky.eu\/index.php?rest_route=\/wp\/v2\/pages\/20\/revisions\/86"}],"wp:attachment":[{"href":"https:\/\/holovsky.eu\/index.php?rest_route=%2Fwp%2Fv2%2Fmedia&parent=20"}],"curies":[{"name":"wp","href":"https:\/\/api.w.org\/{rel}","templated":true}]}}