{"id":19,"date":"2023-11-30T19:50:43","date_gmt":"2023-11-30T18:50:43","guid":{"rendered":"https:\/\/holovsky.eu\/?page_id=19"},"modified":"2023-11-30T22:10:54","modified_gmt":"2023-11-30T21:10:54","slug":"o-nas","status":"publish","type":"page","link":"https:\/\/holovsky.eu\/?page_id=19","title":{"rendered":"O n\u00e1s"},"content":{"rendered":"\n<p><strong>V\u00edtejte na na\u0161\u00ed farm\u011b<br><\/strong>Od dubna 2011 je cel\u00e1 farma registrovan\u00e1 dle z\u00e1kona \u010d. 242\/2000 Sb. o ekologick\u00e9m zem\u011bd\u011blstv\u00ed. Na dodr\u017eov\u00e1n\u00ed pravidel ekologick\u00e9ho chovu zv\u00ed\u0159at a rostlinn\u00e9 v\u00fdroby u n\u00e1s dohl\u00ed\u017e\u00ed Certifika\u010dn\u00ed spole\u010dnost KEZ o.p.s. Prvn\u00ed BIO certifik\u00e1t n\u00e1m vystavila v roce 2013 a ka\u017edoro\u010dn\u011b jej obnovuje.<\/p>\n\n\n\n<p>Hospoda\u0159\u00edme na 220 ha p\u016fdy, p\u0159i\u010dem\u017e zhruba polovinu tvo\u0159\u00ed orn\u00e1 p\u016fda a polovinu travn\u00ed porosty. Zab\u00fdv\u00e1me se chovem masn\u00fdch plemen skotu, ovc\u00ed, prasat a dr\u016fbe\u017ee, a chovem a ust\u00e1jen\u00edm kon\u00ed. Trval\u00e9 travn\u00ed porosty slou\u017e\u00ed p\u0159ev\u00e1\u017en\u011b jako pastviny pro na\u0161e zv\u00ed\u0159ata a jako zdroj sena a sen\u00e1\u017ee. Na orn\u00e9 p\u016fd\u011b p\u011bstujeme p\u0161enici, oves, je\u010dmen, kuku\u0159ici a brambory. Vlastn\u00ed rostlinnou produkc\u00ed si tak zaji\u0161\u0165ujeme v\u011bt\u0161inu krmiv. Kvalita je ve v\u0161ech ohledech pro n\u00e1s na prvn\u00edm m\u00edst\u011b.<\/p>\n\n\n\n<p><strong>VIZE<\/strong><\/p>\n\n\n\n<p>Majitel farmy Radim Holovsk\u00fd \u0159\u00edk\u00e1: &#8222;Ekologie je pro m\u011b v\u00fdzva a chci dok\u00e1zat jej\u00ed funk\u010dnoset ve srovn\u00e1n\u00ed s konvenc\u00ed.&#8220;<\/p>\n\n\n\n<p>Na\u0161\u00ed viz\u00ed je sob\u011bsta\u010dnost. Prodejem a z\u00e1sobov\u00e1n\u00edm na\u0161imi produkty obs\u00e1hneme region na\u0161eho bl\u00edzk\u00e9ho okol\u00ed. Zveleb\u00edme are\u00e1l farmy a z\u0159\u00edd\u00edme kr\u00e1mek pro prodej ve dvo\u0159e. Chceme b\u00fdt spolehliv\u00fdm a stabiln\u00edm partnerem a dodavatelem.<\/p>\n\n\n\n<p><strong>MISE<\/strong><\/p>\n\n\n\n<p>Db\u00e1me na kvalitn\u00ed a d\u016fstojn\u00fd \u017eivot na\u0161ich zv\u00ed\u0159at. Nab\u00edz\u00edme kvalitn\u00ed produkty za dostupn\u00e9 ceny. Kl\u00ed\u010dem pro jejich v\u00fdb\u011br jsou pot\u0159eby na\u0161ich z\u00e1kazn\u00edk\u016f a jejich spokojenost. Soust\u0159ed\u00edme se zejm\u00e9na na maloodb\u011bratele, v men\u0161\u00ed m\u00ed\u0159e d\u00e1le na prodejn\u00ed partnery a restaurace. Prod\u00e1v\u00e1me na farm\u00e1\u0159sk\u00fdch trz\u00edch v Praze a okol\u00ed, vy\u0159izujeme individu\u00e1ln\u00ed objedn\u00e1vky u n\u00e1s na farm\u011b a poskytujeme z\u00e1kaznick\u00fd servis.<\/p>\n\n\n\n<p><strong>STYL<\/strong><\/p>\n\n\n\n<p>P\u0159\u00edmo\u010dar\u00fd, pravdiv\u00fd, etick\u00fd.<\/p>\n\n\n\n<figure class=\"wp-block-gallery has-nested-images columns-4 is-cropped wp-block-gallery-1 is-layout-flex wp-block-gallery-is-layout-flex\">\n<figure class=\"wp-block-image size-thumbnail\"><img loading=\"lazy\" decoding=\"async\" width=\"150\" height=\"150\" data-id=\"90\" src=\"https:\/\/holovsky.eu\/wp-content\/uploads\/2023\/11\/f_2DSCF8451_sm-150x150.jpg\" alt=\"\" class=\"wp-image-90\" srcset=\"https:\/\/holovsky.eu\/wp-content\/uploads\/2023\/11\/f_2DSCF8451_sm-150x150.jpg 150w, https:\/\/holovsky.eu\/wp-content\/uploads\/2023\/11\/f_2DSCF8451_sm-100x100.jpg 100w\" sizes=\"auto, (max-width: 150px) 100vw, 150px\" \/><\/figure>\n\n\n\n<figure class=\"wp-block-image size-thumbnail\"><img loading=\"lazy\" decoding=\"async\" width=\"150\" height=\"150\" data-id=\"89\" src=\"https:\/\/holovsky.eu\/wp-content\/uploads\/2023\/11\/f_3kravy_web-150x150.jpg\" alt=\"\" class=\"wp-image-89\" srcset=\"https:\/\/holovsky.eu\/wp-content\/uploads\/2023\/11\/f_3kravy_web-150x150.jpg 150w, https:\/\/holovsky.eu\/wp-content\/uploads\/2023\/11\/f_3kravy_web-100x100.jpg 100w\" sizes=\"auto, (max-width: 150px) 100vw, 150px\" \/><\/figure>\n\n\n\n<figure class=\"wp-block-image size-thumbnail\"><img loading=\"lazy\" decoding=\"async\" width=\"150\" height=\"150\" data-id=\"91\" src=\"https:\/\/holovsky.eu\/wp-content\/uploads\/2023\/11\/f_4drubez_sm-150x150.jpg\" alt=\"\" class=\"wp-image-91\" srcset=\"https:\/\/holovsky.eu\/wp-content\/uploads\/2023\/11\/f_4drubez_sm-150x150.jpg 150w, https:\/\/holovsky.eu\/wp-content\/uploads\/2023\/11\/f_4drubez_sm-100x100.jpg 100w\" sizes=\"auto, (max-width: 150px) 100vw, 150px\" \/><\/figure>\n\n\n\n<figure class=\"wp-block-image size-thumbnail\"><img loading=\"lazy\" decoding=\"async\" width=\"150\" height=\"150\" data-id=\"92\" src=\"https:\/\/holovsky.eu\/wp-content\/uploads\/2023\/11\/f_5DSC00740_sm-rotated-e1701376945195-150x150.jpg\" alt=\"\" class=\"wp-image-92\"\/><\/figure>\n<\/figure>\n\n\n\n<h2 class=\"wp-block-heading\">Historie<\/h2>\n\n\n\n<p>Dle dochovan\u00fdch archivn\u00edch z\u00e1znam\u016f a rodokmenu se rodina Holovsk\u00fdch zab\u00fdv\u00e1 zem\u011bd\u011blstv\u00edm ji\u017e n\u011bkolik stalet\u00ed. Od po\u010d\u00e1tku dvac\u00e1t\u00e9ho stolet\u00ed \u010d\u00e1st rodiny hospoda\u0159\u00ed v Trn\u011bn\u00e9m \u00dajezd\u011b. V t\u00e9 dob\u011b tak\u00e9 do\u0161lo k nejv\u011bt\u0161\u00edmu rozvoji statku, kdy byla provedena celkov\u00e1 rekonstrukce a v\u00fdstavba nov\u00fdch hospod\u00e1\u0159sk\u00fdch budov. P\u0159ed druhou sv\u011btovou v\u00e1lkou pat\u0159ilo ke statku okolo 40 ha zem\u011bd\u011blsk\u00e9 p\u016fdy. Rodina se zab\u00fdvala zem\u011bd\u011blskou prvov\u00fdrobou, provozovala cihelnu a v\u011bnovala se tak\u00e9 chovu dostihov\u00fdch kon\u00ed plemene anglick\u00fd plnokrevn\u00edk.<\/p>\n\n\n\n<p>V pades\u00e1t\u00fdch letech do\u0161lo k zabr\u00e1n\u00ed ve\u0161ker\u00e9ho majetku a vzniku st\u00e1tn\u00edho statku. \u010c\u00e1st rodiny byla v t\u00e9 dob\u011b i v\u011bzn\u011bna.<\/p>\n\n\n\n<p>Rodina z\u00edskala zp\u011bt ve\u0161ker\u00fd nemovit\u00fd majetek v roce 1990. N\u00e1sledn\u011b prob\u00edhaly soudy o vyd\u00e1n\u00ed zabaven\u00e9ho movit\u00e9ho majetku a n\u00e1hradu \u0161kody, zp\u016fsoben\u00e9 na nemovitostech. V roce 1995 obhospoda\u0159ovala p\u0159ibli\u017en\u011b 80 ha p\u016fdy. Do tohoto roku se tak\u00e9 zab\u00fdvala chovem krav a produkc\u00ed ml\u00e9ka. V roce 1995 do\u0161lo k v\u00fdrazn\u00e9mu zhor\u0161en\u00ed situace na trhu s ml\u00e9kem, krachuj\u00ed ml\u00e9k\u00e1rny a farma eviduje vysok\u00e9 polo\u017eky za dodan\u00e9 ml\u00e9ko. Na tuto situaci farma reaguje p\u0159echodem na rostlinnou v\u00fdrobu. Od pozemkov\u00e9ho fondu si pronajala dal\u0161\u00ed pozemky a rozr\u016fst\u00e1 se na sou\u010dasn\u00fdch 240 ha p\u016fdy. Farma se zam\u011b\u0159ila p\u0159edev\u0161\u00edm na jednostrannou produkci obil\u00ed a \u0159epky. Takto pojat\u00e1 rostlinn\u00e1 v\u00fdroba fungovala na farm\u011b a\u017e do roku 2010. Od roku 2010 z\u00e1rove\u0148 doch\u00e1zelo k \u010d\u00e1ste\u010dn\u00e9mu zatrav\u0148ov\u00e1n\u00ed men\u0161\u00edch ne\u00farodn\u00fdch celk\u016f orn\u00e9 p\u016fdy a jejich p\u0159evodu na trval\u00e9 travn\u00ed porosty. Na travn\u00edch porostech se za\u010dal chovat skot bez tr\u017en\u00ed produkce ml\u00e9ka a pozd\u011bji i kon\u011b. D\u016fvody, kter\u00e9 vedly ke zm\u011bn\u011b zam\u011b\u0159en\u00ed byly nejen ekonomick\u00e9. V tomto rozhodnut\u00ed se prom\u00edtnul p\u0159edev\u0161\u00edm p\u0159\u00edstup mlad\u0161\u00ed generace, syna dosavadn\u00edho farm\u00e1\u0159e Ing. Radima Holovsk\u00e9ho. Syn Radim Holovsk\u00fd ml. pr\u00e1v\u011b v sou\u010dasnosti \u0159\u00edd\u00ed farmu a je jej\u00edm majitelem.<\/p>\n\n\n\n<p>Vzhledem k tomu, jak v posledn\u00edch letech doch\u00e1z\u00ed k v\u00fdznamn\u00e9mu sni\u017eov\u00e1n\u00ed kvality v\u011bt\u0161iny produkt\u016f a zvy\u0161uje se popt\u00e1vka po kvalitn\u00edch, neanonymn\u00edch potravin\u00e1ch, vznikla nov\u00e1 idea produkovat kvalitn\u00ed maso a snaha dostat se a\u017e ke kone\u010dn\u00e9mu spot\u0159ebiteli. V roce 2011 tak cel\u00e1 farma vstupuje do re\u017eimu ekologick\u00e9ho hospod\u00e1\u0159stv\u00ed a zam\u011b\u0159uje se na produkci \u0161irok\u00e9ho sortimentu kvalitn\u00edho masa.<\/p>\n","protected":false},"excerpt":{"rendered":"<p>V\u00edtejte na na\u0161\u00ed farm\u011bOd dubna 2011 je cel\u00e1 farma registrovan\u00e1 dle z\u00e1kona \u010d. 242\/2000 Sb. o ekologick\u00e9m zem\u011bd\u011blstv\u00ed. Na dodr\u017eov\u00e1n\u00ed pravidel ekologick\u00e9ho chovu zv\u00ed\u0159at a rostlinn\u00e9 v\u00fdroby u n\u00e1s dohl\u00ed\u017e\u00ed Certifika\u010dn\u00ed spole\u010dnost KEZ o.p.s. Prvn\u00ed BIO certifik\u00e1t n\u00e1m vystavila v roce 2013 a ka\u017edoro\u010dn\u011b jej obnovuje. Hospoda\u0159\u00edme na 220 ha p\u016fdy, p\u0159i\u010dem\u017e zhruba polovinu tvo\u0159\u00ed &hellip; <\/p>\n<p class=\"link-more\"><a href=\"https:\/\/holovsky.eu\/?page_id=19\" class=\"more-link\">Pokra\u010dovat ve \u010dten\u00ed<span class=\"screen-reader-text\"> &#8222;O n\u00e1s&#8220;<\/span><\/a><\/p>\n","protected":false},"author":1,"featured_media":101,"parent":0,"menu_order":0,"comment_status":"closed","ping_status":"closed","template":"","meta":{"footnotes":""},"class_list":["post-19","page","type-page","status-publish","has-post-thumbnail","hentry"],"_links":{"self":[{"href":"https:\/\/holovsky.eu\/index.php?rest_route=\/wp\/v2\/pages\/19","targetHints":{"allow":["GET"]}}],"collection":[{"href":"https:\/\/holovsky.eu\/index.php?rest_route=\/wp\/v2\/pages"}],"about":[{"href":"https:\/\/holovsky.eu\/index.php?rest_route=\/wp\/v2\/types\/page"}],"author":[{"embeddable":true,"href":"https:\/\/holovsky.eu\/index.php?rest_route=\/wp\/v2\/users\/1"}],"replies":[{"embeddable":true,"href":"https:\/\/holovsky.eu\/index.php?rest_route=%2Fwp%2Fv2%2Fcomments&post=19"}],"version-history":[{"count":6,"href":"https:\/\/holovsky.eu\/index.php?rest_route=\/wp\/v2\/pages\/19\/revisions"}],"predecessor-version":[{"id":107,"href":"https:\/\/holovsky.eu\/index.php?rest_route=\/wp\/v2\/pages\/19\/revisions\/107"}],"wp:featuredmedia":[{"embeddable":true,"href":"https:\/\/holovsky.eu\/index.php?rest_route=\/wp\/v2\/media\/101"}],"wp:attachment":[{"href":"https:\/\/holovsky.eu\/index.php?rest_route=%2Fwp%2Fv2%2Fmedia&parent=19"}],"curies":[{"name":"wp","href":"https:\/\/api.w.org\/{rel}","templated":true}]}}